{"id":64,"date":"2019-06-02T15:59:33","date_gmt":"2019-06-02T13:59:33","guid":{"rendered":"http:\/\/dansella.com\/?page_id=64"},"modified":"2025-06-04T15:33:30","modified_gmt":"2025-06-04T13:33:30","slug":"inscriptions","status":"publish","type":"page","link":"https:\/\/dansella.com\/index.php\/inscriptions\/","title":{"rendered":"Pr\u00e9-Inscriptions 2025-2026"},"content":{"rendered":"\n<p class=\"has-text-align-center has-white-background-color has-background\"><strong> Merci de vous pr\u00e9-inscrire par mail ( dansella32@gmail.com) en pr\u00e9cisant :<\/strong><\/p>\n\n\n\n<ul>\n<li>nom <\/li>\n\n\n\n<li>pr\u00e9nom<\/li>\n\n\n\n<li>\u00e2ge<\/li>\n\n\n\n<li>le  ou les cours choisi(s)<\/li>\n\n\n\n<li>num\u00e9ro de t\u00e9l\u00e9phone<\/li>\n<\/ul>\n\n\n\n<p class=\"has-text-align-center has-pale-cyan-blue-background-color has-background\">Cette pr\u00e9-inscription vous permet de r\u00e9server une place sur le cours choisi en attendant la validation d\u00e9finitive de votre inscription durant les permanences organis\u00e9es par l&#8217;association.<\/p>\n\n\n\n<p class=\"has-text-align-center has-pale-pink-background-color has-background\">vous devez \u00e9galement t\u00e9l\u00e9charger notre r\u00e8glement int\u00e9rieur et en prendre connaissance. <\/p>\n\n\n\n<p class=\"has-text-align-center has-luminous-vivid-amber-background-color has-background\">ATTENTION: l&#8217;inscription ne sera valid\u00e9e qu&#8217;au moment du paiement lors des permanences <\/p>\n\n\n\n<p><\/p>\n\n\n\n<p>Vous pouvez d\u00e9j\u00e0 t\u00e9l\u00e9charger notre <strong>fiche d&#8217;inscription<\/strong> (plus bas) et la <strong>pr\u00e9remplir <\/strong>pour gagner du temps lors des permanences.<\/p>\n\n\n\n<div data-wp-interactive=\"\" class=\"wp-block-file alignleft\"><object data-wp-bind--hidden=\"!selectors.core.file.hasPdfPreview\" hidden class=\"wp-block-file__embed\" data=\"http:\/\/dansella.com\/wp-content\/uploads\/2025\/06\/INSCRIPTION-DANSELLA-SAISON-20252026.pdf\" type=\"application\/pdf\" style=\"width:100%;height:600px\" aria-label=\"Contenu embarqu\u00e9 INSCRIPTION DANSELLA SAISON 20252026.\"><\/object><a id=\"wp-block-file--media-48a1828c-fd89-4354-b2b6-cada008d1506\" href=\"http:\/\/dansella.com\/wp-content\/uploads\/2025\/06\/INSCRIPTION-DANSELLA-SAISON-20252026.pdf\">INSCRIPTION DANSELLA SAISON 20252026<\/a><a href=\"http:\/\/dansella.com\/wp-content\/uploads\/2025\/06\/INSCRIPTION-DANSELLA-SAISON-20252026.pdf\" class=\"wp-block-file__button wp-element-button\" download aria-describedby=\"wp-block-file--media-48a1828c-fd89-4354-b2b6-cada008d1506\">Download<\/a><\/div>\n\n\n\n<div data-wp-interactive=\"\" class=\"wp-block-file\"><object data-wp-bind--hidden=\"!selectors.core.file.hasPdfPreview\" hidden class=\"wp-block-file__embed\" data=\"http:\/\/dansella.com\/wp-content\/uploads\/2023\/06\/reglement-interieur-2023.docx.pdf\" type=\"application\/pdf\" style=\"width:100%;height:200px\" aria-label=\"Contenu embarqu\u00e9 reglement-interieur-2023.docx.\"><\/object><a id=\"wp-block-file--media-99974db4-8c0e-4b58-b5a9-6abc9b837282\" href=\"http:\/\/dansella.com\/wp-content\/uploads\/2023\/06\/reglement-interieur-2023.docx.pdf\">reglement-interieur-2023.docx<\/a><a href=\"http:\/\/dansella.com\/wp-content\/uploads\/2023\/06\/reglement-interieur-2023.docx.pdf\" class=\"wp-block-file__button wp-element-button\" download aria-describedby=\"wp-block-file--media-99974db4-8c0e-4b58-b5a9-6abc9b837282\">Download<\/a><\/div>\n\n\n\n<p><\/p>\n","protected":false},"excerpt":{"rendered":"<p>Merci de vous pr\u00e9-inscrire par mail ( dansella32@gmail.com) en pr\u00e9cisant : Cette pr\u00e9-inscription vous permet de r\u00e9server une place sur le cours choisi en attendant la validation d\u00e9finitive de votre inscription durant les permanences organis\u00e9es par l&#8217;association. vous devez \u00e9galement t\u00e9l\u00e9charger notre r\u00e8glement int\u00e9rieur et en prendre connaissance. ATTENTION: l&#8217;inscription ne sera valid\u00e9e qu&#8217;au moment &hellip; <\/p>\n<p class=\"link-more\"><a href=\"https:\/\/dansella.com\/index.php\/inscriptions\/\" class=\"more-link\">Continuer la lecture<span class=\"screen-reader-text\"> de &laquo;&nbsp;Pr\u00e9-Inscriptions 2025-2026&nbsp;&raquo;<\/span><\/a><\/p>\n","protected":false},"author":1,"featured_media":0,"parent":0,"menu_order":0,"comment_status":"closed","ping_status":"closed","template":"","meta":{"footnotes":""},"aioseo_notices":[],"jetpack_sharing_enabled":true,"_links":{"self":[{"href":"https:\/\/dansella.com\/index.php\/wp-json\/wp\/v2\/pages\/64"}],"collection":[{"href":"https:\/\/dansella.com\/index.php\/wp-json\/wp\/v2\/pages"}],"about":[{"href":"https:\/\/dansella.com\/index.php\/wp-json\/wp\/v2\/types\/page"}],"author":[{"embeddable":true,"href":"https:\/\/dansella.com\/index.php\/wp-json\/wp\/v2\/users\/1"}],"replies":[{"embeddable":true,"href":"https:\/\/dansella.com\/index.php\/wp-json\/wp\/v2\/comments?post=64"}],"version-history":[{"count":15,"href":"https:\/\/dansella.com\/index.php\/wp-json\/wp\/v2\/pages\/64\/revisions"}],"predecessor-version":[{"id":669,"href":"https:\/\/dansella.com\/index.php\/wp-json\/wp\/v2\/pages\/64\/revisions\/669"}],"wp:attachment":[{"href":"https:\/\/dansella.com\/index.php\/wp-json\/wp\/v2\/media?parent=64"}],"curies":[{"name":"wp","href":"https:\/\/api.w.org\/{rel}","templated":true}]}}