{"id":48,"date":"2019-06-02T15:18:28","date_gmt":"2019-06-02T13:18:28","guid":{"rendered":"http:\/\/dansella.com\/?page_id=48"},"modified":"2025-09-15T15:38:23","modified_gmt":"2025-09-15T13:38:23","slug":"bio","status":"publish","type":"page","link":"https:\/\/dansella.com\/index.php\/bio\/","title":{"rendered":"PLANNING 2025\/2026 \u00e0 jour"},"content":{"rendered":"\n<p><em>(Tous les cours sont soumis \u00e0 un nombre minimum d&#8217;\u00e9l\u00e8ve pour \u00eatre maintenus, ce planning est susceptible d&#8217;\u00eatre modifi\u00e9)<\/em><\/p>\n\n\n\n<figure class=\"wp-block-image size-large\"><img fetchpriority=\"high\" decoding=\"async\" width=\"1024\" height=\"791\" src=\"https:\/\/dansella.com\/wp-content\/uploads\/2025\/09\/planning_dansella_2025_2026_page_1-1-1024x791.jpg\" alt=\"\" class=\"wp-image-697\" srcset=\"https:\/\/dansella.com\/wp-content\/uploads\/2025\/09\/planning_dansella_2025_2026_page_1-1-1024x791.jpg 1024w, https:\/\/dansella.com\/wp-content\/uploads\/2025\/09\/planning_dansella_2025_2026_page_1-1-300x232.jpg 300w, https:\/\/dansella.com\/wp-content\/uploads\/2025\/09\/planning_dansella_2025_2026_page_1-1-768x593.jpg 768w, https:\/\/dansella.com\/wp-content\/uploads\/2025\/09\/planning_dansella_2025_2026_page_1-1-1536x1187.jpg 1536w, https:\/\/dansella.com\/wp-content\/uploads\/2025\/09\/planning_dansella_2025_2026_page_1-1-2048x1583.jpg 2048w, https:\/\/dansella.com\/wp-content\/uploads\/2025\/09\/planning_dansella_2025_2026_page_1-1-350x270.jpg 350w\" sizes=\"(max-width: 706px) 89vw, (max-width: 767px) 82vw, 740px\" \/><\/figure>\n\n\n\n<p class=\"has-huge-font-size\">PINCEZ POUR ZOOMER !! <\/p>\n","protected":false},"excerpt":{"rendered":"<p>(Tous les cours sont soumis \u00e0 un nombre minimum d&#8217;\u00e9l\u00e8ve pour \u00eatre maintenus, ce planning est susceptible d&#8217;\u00eatre modifi\u00e9) PINCEZ POUR ZOOMER !!<\/p>\n","protected":false},"author":1,"featured_media":0,"parent":0,"menu_order":0,"comment_status":"closed","ping_status":"closed","template":"","meta":{"footnotes":""},"aioseo_notices":[],"jetpack_sharing_enabled":true,"_links":{"self":[{"href":"https:\/\/dansella.com\/index.php\/wp-json\/wp\/v2\/pages\/48"}],"collection":[{"href":"https:\/\/dansella.com\/index.php\/wp-json\/wp\/v2\/pages"}],"about":[{"href":"https:\/\/dansella.com\/index.php\/wp-json\/wp\/v2\/types\/page"}],"author":[{"embeddable":true,"href":"https:\/\/dansella.com\/index.php\/wp-json\/wp\/v2\/users\/1"}],"replies":[{"embeddable":true,"href":"https:\/\/dansella.com\/index.php\/wp-json\/wp\/v2\/comments?post=48"}],"version-history":[{"count":33,"href":"https:\/\/dansella.com\/index.php\/wp-json\/wp\/v2\/pages\/48\/revisions"}],"predecessor-version":[{"id":699,"href":"https:\/\/dansella.com\/index.php\/wp-json\/wp\/v2\/pages\/48\/revisions\/699"}],"wp:attachment":[{"href":"https:\/\/dansella.com\/index.php\/wp-json\/wp\/v2\/media?parent=48"}],"curies":[{"name":"wp","href":"https:\/\/api.w.org\/{rel}","templated":true}]}}