{"id":44,"date":"2019-06-02T15:20:04","date_gmt":"2019-06-02T13:20:04","guid":{"rendered":"http:\/\/dansella.com\/?page_id=44"},"modified":"2019-06-21T09:20:42","modified_gmt":"2019-06-21T07:20:42","slug":"dansella","status":"publish","type":"page","link":"https:\/\/dansella.com\/index.php\/dansella\/","title":{"rendered":"Les cours de danse"},"content":{"rendered":"\n<h2 class=\"wp-block-heading\"><\/h2>\n\n\n\n<h4 class=\"wp-block-heading\">HIP-HOP KIDS<\/h4>\n\n\n\n<p>Cours d&#8217;initiation \u00e0 la danse hip-hop pour les 5-7 ans. C&#8217;est essentiellement un atelier de d\u00e9couverte de la danse et de la culture hip-hop. <a href=\"http:\/\/dansella.com\/index.php\/inscriptions\/\"><em>Inscription<\/em><\/a><\/p>\n\n\n\n<figure class=\"wp-block-image\"><img fetchpriority=\"high\" decoding=\"async\" width=\"1024\" height=\"576\" src=\"http:\/\/dansella.com\/wp-content\/uploads\/2019\/06\/hip-hop-kids-1-1024x576.png\" alt=\"\" class=\"wp-image-97\" srcset=\"https:\/\/dansella.com\/wp-content\/uploads\/2019\/06\/hip-hop-kids-1-1024x576.png 1024w, https:\/\/dansella.com\/wp-content\/uploads\/2019\/06\/hip-hop-kids-1-300x169.png 300w, https:\/\/dansella.com\/wp-content\/uploads\/2019\/06\/hip-hop-kids-1-768x432.png 768w, https:\/\/dansella.com\/wp-content\/uploads\/2019\/06\/hip-hop-kids-1.png 1920w\" sizes=\"(max-width: 706px) 89vw, (max-width: 767px) 82vw, 740px\" \/><\/figure>\n\n\n\n<h4 class=\"wp-block-heading\">EVEIL A LA DANSE<\/h4>\n\n\n\n<p>Cours de d\u00e9couverte de la danse pour les enfants entre 4 et 5 ans. Le jeu est mis en avant pour faciliter l&#8217;expression artistique et corporelle. <a href=\"http:\/\/dansella.com\/index.php\/inscriptions\/\"><em>Inscription<\/em><\/a><\/p>\n\n\n\n<figure class=\"wp-block-image\"><img decoding=\"async\" width=\"500\" height=\"356\" src=\"http:\/\/dansella.com\/wp-content\/uploads\/2019\/06\/\u00e9veil-1.jpg\" alt=\"\" class=\"wp-image-96\" srcset=\"https:\/\/dansella.com\/wp-content\/uploads\/2019\/06\/\u00e9veil-1.jpg 500w, https:\/\/dansella.com\/wp-content\/uploads\/2019\/06\/\u00e9veil-1-300x214.jpg 300w\" sizes=\"(max-width: 500px) 100vw, 500px\" \/><\/figure>\n\n\n\n<h4 class=\"wp-block-heading\">INITIATION A LA DANSE<\/h4>\n\n\n\n<p>Cours d&#8217;initiation \u00e0 la danse pour les enfants entre 6 et 7 ans. En continuit\u00e9 avec le cours d&#8217;\u00e9veil, la technique de la danse en g\u00e9n\u00e9ral est abord\u00e9e sous forme ludique. <a href=\"http:\/\/dansella.com\/index.php\/inscriptions\/\"><em>Inscription<\/em><\/a><\/p>\n\n\n\n<figure class=\"wp-block-image\"><img decoding=\"async\" width=\"354\" height=\"374\" src=\"http:\/\/dansella.com\/wp-content\/uploads\/2019\/06\/initiation-1.jpg\" alt=\"\" class=\"wp-image-98\" srcset=\"https:\/\/dansella.com\/wp-content\/uploads\/2019\/06\/initiation-1.jpg 354w, https:\/\/dansella.com\/wp-content\/uploads\/2019\/06\/initiation-1-284x300.jpg 284w\" sizes=\"(max-width: 354px) 100vw, 354px\" \/><\/figure>\n\n\n\n<h4 class=\"wp-block-heading\">MODERN JAZZ<\/h4>\n\n\n\n<p>Plusieurs cours sont disponibles : enfant, ado et adulte (tous niveaux)<\/p>\n\n\n\n<p>C&#8217;est un style de danse rythm\u00e9e. Danse de terre et de feu, cette technique permet au danseur de bien connaitre son corps et de d\u00e9velopper ses capacit\u00e9s corporelles. <a href=\"http:\/\/dansella.com\/index.php\/inscriptions\/\"><em>Inscription<\/em><\/a><\/p>\n\n\n\n<figure class=\"wp-block-image\"><img loading=\"lazy\" decoding=\"async\" width=\"480\" height=\"480\" src=\"http:\/\/dansella.com\/wp-content\/uploads\/2019\/06\/modern-jazz.jpg\" alt=\"\" class=\"wp-image-99\" srcset=\"https:\/\/dansella.com\/wp-content\/uploads\/2019\/06\/modern-jazz.jpg 480w, https:\/\/dansella.com\/wp-content\/uploads\/2019\/06\/modern-jazz-150x150.jpg 150w, https:\/\/dansella.com\/wp-content\/uploads\/2019\/06\/modern-jazz-300x300.jpg 300w, https:\/\/dansella.com\/wp-content\/uploads\/2019\/06\/modern-jazz-100x100.jpg 100w\" sizes=\"(max-width: 480px) 100vw, 480px\" \/><\/figure>\n\n\n\n<h4 class=\"wp-block-heading\">CLASSIQUE<\/h4>\n\n\n\n<p>Plusieurs cours sont disponibles : enfant, ado et adulte (tous niveaux)<\/p>\n\n\n\n<p>Danse qui rassemble plusieurs techniques et mouvements sp\u00e9cifiques et gracieux. <a href=\"http:\/\/dansella.com\/index.php\/inscriptions\/\"><em>Inscription<\/em><\/a><\/p>\n\n\n\n<figure class=\"wp-block-image\"><img loading=\"lazy\" decoding=\"async\" width=\"743\" height=\"435\" src=\"http:\/\/dansella.com\/wp-content\/uploads\/2019\/06\/danse-classique.jpg\" alt=\"\" class=\"wp-image-94\" srcset=\"https:\/\/dansella.com\/wp-content\/uploads\/2019\/06\/danse-classique.jpg 743w, https:\/\/dansella.com\/wp-content\/uploads\/2019\/06\/danse-classique-300x176.jpg 300w\" sizes=\"(max-width: 706px) 89vw, (max-width: 767px) 82vw, 740px\" \/><\/figure>\n\n\n\n<h4 class=\"wp-block-heading\">STREET JAZZ<\/h4>\n\n\n\n<p>Plusieurs cours sont disponibles : enfant, ado et adulte. (tous niveaux)<\/p>\n\n\n\n<p>Le street jazz est une danse \u00e0 mi-chemin entre le modern jazz et le  hip-hop. Elle permet un travail sur l&#8217;\u00e9nergie et le rythme. <a href=\"http:\/\/dansella.com\/index.php\/inscriptions\/\"><em>Inscription<\/em><\/a><\/p>\n\n\n\n<figure class=\"wp-block-image\"><img loading=\"lazy\" decoding=\"async\" width=\"1024\" height=\"703\" src=\"http:\/\/dansella.com\/wp-content\/uploads\/2019\/06\/street-jazz-4-1024x703.jpg\" alt=\"\" class=\"wp-image-100\" srcset=\"https:\/\/dansella.com\/wp-content\/uploads\/2019\/06\/street-jazz-4-1024x703.jpg 1024w, https:\/\/dansella.com\/wp-content\/uploads\/2019\/06\/street-jazz-4-300x206.jpg 300w, https:\/\/dansella.com\/wp-content\/uploads\/2019\/06\/street-jazz-4-768x527.jpg 768w, https:\/\/dansella.com\/wp-content\/uploads\/2019\/06\/street-jazz-4.jpg 1200w\" sizes=\"(max-width: 706px) 89vw, (max-width: 767px) 82vw, 740px\" \/><\/figure>\n\n\n\n<h4 class=\"wp-block-heading\">HIP HOP<\/h4>\n\n\n\n<p>Plusieurs cours sont disponibles : enfant et  ado (tous niveaux)<\/p>\n\n\n\n<p>Le hip-hop est une danse dynamique sportive en connexion avec la musique. <a href=\"http:\/\/dansella.com\/index.php\/inscriptions\/\"><em>Inscription<\/em><\/a><\/p>\n\n\n\n<figure class=\"wp-block-image is-resized\"><img loading=\"lazy\" decoding=\"async\" src=\"http:\/\/dansella.com\/wp-content\/uploads\/2019\/06\/1337f89c838985f1b18b3174edd8c100.jpg\" alt=\"\" class=\"wp-image-72\" width=\"406\" height=\"412\" srcset=\"https:\/\/dansella.com\/wp-content\/uploads\/2019\/06\/1337f89c838985f1b18b3174edd8c100.jpg 1000w, https:\/\/dansella.com\/wp-content\/uploads\/2019\/06\/1337f89c838985f1b18b3174edd8c100-296x300.jpg 296w, https:\/\/dansella.com\/wp-content\/uploads\/2019\/06\/1337f89c838985f1b18b3174edd8c100-768x780.jpg 768w, https:\/\/dansella.com\/wp-content\/uploads\/2019\/06\/1337f89c838985f1b18b3174edd8c100-100x100.jpg 100w\" sizes=\"(max-width: 406px) 100vw, 406px\" \/><\/figure>\n\n\n\n<h4 class=\"wp-block-heading\">CONTEMPORAIN <\/h4>\n\n\n\n<p>Plusieurs cours sont disponibles : enfant, ado et adulte (tous niveaux). <\/p>\n\n\n\n<p>La danse contemporaine est l&#8217;art de raconter une histoire avec son corps. <a href=\"http:\/\/dansella.com\/index.php\/inscriptions\/\"><em>Inscription<\/em><\/a><\/p>\n\n\n\n<figure class=\"wp-block-image is-resized\"><img loading=\"lazy\" decoding=\"async\" src=\"http:\/\/dansella.com\/wp-content\/uploads\/2019\/06\/DSC_9916.jpg\" alt=\"\" class=\"wp-image-18\" width=\"457\" height=\"457\" srcset=\"https:\/\/dansella.com\/wp-content\/uploads\/2019\/06\/DSC_9916.jpg 1000w, https:\/\/dansella.com\/wp-content\/uploads\/2019\/06\/DSC_9916-150x150.jpg 150w, https:\/\/dansella.com\/wp-content\/uploads\/2019\/06\/DSC_9916-300x300.jpg 300w, https:\/\/dansella.com\/wp-content\/uploads\/2019\/06\/DSC_9916-768x768.jpg 768w\" sizes=\"(max-width: 457px) 100vw, 457px\" \/><\/figure>\n\n\n\n<h4 class=\"wp-block-heading\">BARRE A TERRE<\/h4>\n\n\n\n<p>Cours ado-adultes (tous niveaux). Cette discipline d\u00e9veloppe la tonicit\u00e9 musculaire et la souplesse. <a href=\"http:\/\/dansella.com\/index.php\/inscriptions\/\"><em>Inscription<\/em><\/a><\/p>\n\n\n\n<figure class=\"wp-block-image\"><img loading=\"lazy\" decoding=\"async\" width=\"700\" height=\"400\" src=\"http:\/\/dansella.com\/wp-content\/uploads\/2019\/06\/barre-\u00e0-terre.jpg\" alt=\"\" class=\"wp-image-93\" srcset=\"https:\/\/dansella.com\/wp-content\/uploads\/2019\/06\/barre-\u00e0-terre.jpg 700w, https:\/\/dansella.com\/wp-content\/uploads\/2019\/06\/barre-\u00e0-terre-300x171.jpg 300w\" sizes=\"(max-width: 700px) 100vw, 700px\" \/><\/figure>\n\n\n\n<h4 class=\"wp-block-heading\">DETENTE ET BIEN ETRE<\/h4>\n\n\n\n<p>Cours ado-adultes (tous niveaux). Cette discipline vise au renforcement des muscles centraux et au bon \u00e9quilibre du corps. <a href=\"http:\/\/dansella.com\/index.php\/inscriptions\/\"><em>Inscription<\/em><\/a><\/p>\n\n\n\n<figure class=\"wp-block-image is-resized\"><img loading=\"lazy\" decoding=\"async\" src=\"http:\/\/dansella.com\/wp-content\/uploads\/2019\/06\/d\u00e9tente-et-bien-\u00eatre.jpg\" alt=\"\" class=\"wp-image-95\" width=\"486\" height=\"324\"\/><\/figure>\n\n\n\n<h4 class=\"wp-block-heading\">ZUMBA<\/h4>\n\n\n\n<p>Cours ado-adultes (tous niveaux). M\u00e9thode de fitness inspir\u00e9e de diff\u00e9rentes danses. <a href=\"http:\/\/dansella.com\/index.php\/inscriptions\/\"><em>Inscription<\/em><\/a><\/p>\n\n\n\n<figure class=\"wp-block-image\"><img loading=\"lazy\" decoding=\"async\" width=\"1024\" height=\"684\" src=\"http:\/\/dansella.com\/wp-content\/uploads\/2019\/06\/zumba-1024x684.jpg\" alt=\"\" class=\"wp-image-101\" srcset=\"https:\/\/dansella.com\/wp-content\/uploads\/2019\/06\/zumba-1024x684.jpg 1024w, https:\/\/dansella.com\/wp-content\/uploads\/2019\/06\/zumba-300x200.jpg 300w, https:\/\/dansella.com\/wp-content\/uploads\/2019\/06\/zumba-768x513.jpg 768w, https:\/\/dansella.com\/wp-content\/uploads\/2019\/06\/zumba.jpg 1200w\" sizes=\"(max-width: 706px) 89vw, (max-width: 767px) 82vw, 740px\" \/><\/figure>\n","protected":false},"excerpt":{"rendered":"<p>HIP-HOP KIDS Cours d&#8217;initiation \u00e0 la danse hip-hop pour les 5-7 ans. C&#8217;est essentiellement un atelier de d\u00e9couverte de la danse et de la culture hip-hop. Inscription EVEIL A LA DANSE Cours de d\u00e9couverte de la danse pour les enfants entre 4 et 5 ans. Le jeu est mis en avant pour faciliter l&#8217;expression artistique &hellip; <\/p>\n<p class=\"link-more\"><a href=\"https:\/\/dansella.com\/index.php\/dansella\/\" class=\"more-link\">Continuer la lecture<span class=\"screen-reader-text\"> de &laquo;&nbsp;Les cours de danse&nbsp;&raquo;<\/span><\/a><\/p>\n","protected":false},"author":1,"featured_media":0,"parent":0,"menu_order":0,"comment_status":"closed","ping_status":"closed","template":"","meta":{"footnotes":""},"aioseo_notices":[],"jetpack_sharing_enabled":true,"_links":{"self":[{"href":"https:\/\/dansella.com\/index.php\/wp-json\/wp\/v2\/pages\/44"}],"collection":[{"href":"https:\/\/dansella.com\/index.php\/wp-json\/wp\/v2\/pages"}],"about":[{"href":"https:\/\/dansella.com\/index.php\/wp-json\/wp\/v2\/types\/page"}],"author":[{"embeddable":true,"href":"https:\/\/dansella.com\/index.php\/wp-json\/wp\/v2\/users\/1"}],"replies":[{"embeddable":true,"href":"https:\/\/dansella.com\/index.php\/wp-json\/wp\/v2\/comments?post=44"}],"version-history":[{"count":14,"href":"https:\/\/dansella.com\/index.php\/wp-json\/wp\/v2\/pages\/44\/revisions"}],"predecessor-version":[{"id":137,"href":"https:\/\/dansella.com\/index.php\/wp-json\/wp\/v2\/pages\/44\/revisions\/137"}],"wp:attachment":[{"href":"https:\/\/dansella.com\/index.php\/wp-json\/wp\/v2\/media?parent=44"}],"curies":[{"name":"wp","href":"https:\/\/api.w.org\/{rel}","templated":true}]}}