{"id":121,"date":"2019-06-21T08:46:01","date_gmt":"2019-06-21T06:46:01","guid":{"rendered":"http:\/\/dansella.com\/?page_id=121"},"modified":"2025-09-15T15:36:15","modified_gmt":"2025-09-15T13:36:15","slug":"actu-dansella","status":"publish","type":"page","link":"https:\/\/dansella.com\/","title":{"rendered":"ACTU"},"content":{"rendered":"\n<p class=\"has-text-align-center has-white-color has-luminous-vivid-orange-background-color has-text-color has-background has-link-color wp-elements-9eb80663d8fff03ef6248b0c17fd0a35\">REPRISE DES COURS: LA SEMAINE DU 15 SEPTEMBRE 2025<\/p>\n\n\n\n<h2 class=\"wp-block-heading has-text-align-center\">SEMAINE D&#8217;ESSAIS: DU 15 au 19 Septembre 2025<\/h2>\n\n\n\n<figure class=\"wp-block-image size-large\"><img fetchpriority=\"high\" decoding=\"async\" width=\"724\" height=\"1024\" src=\"https:\/\/dansella.com\/wp-content\/uploads\/2025\/09\/IMG-20250912-WA0003-724x1024.jpg\" alt=\"\" class=\"wp-image-695\" srcset=\"https:\/\/dansella.com\/wp-content\/uploads\/2025\/09\/IMG-20250912-WA0003-724x1024.jpg 724w, https:\/\/dansella.com\/wp-content\/uploads\/2025\/09\/IMG-20250912-WA0003-212x300.jpg 212w, https:\/\/dansella.com\/wp-content\/uploads\/2025\/09\/IMG-20250912-WA0003-768x1086.jpg 768w, https:\/\/dansella.com\/wp-content\/uploads\/2025\/09\/IMG-20250912-WA0003-1086x1536.jpg 1086w, https:\/\/dansella.com\/wp-content\/uploads\/2025\/09\/IMG-20250912-WA0003-350x495.jpg 350w, https:\/\/dansella.com\/wp-content\/uploads\/2025\/09\/IMG-20250912-WA0003.jpg 1414w\" sizes=\"(max-width: 724px) 100vw, 724px\" \/><\/figure>\n\n\n\n<p class=\"has-pale-pink-background-color has-background\">Venez aux cours de votre choix gratuitement pendant une semaine! <\/p>\n\n\n\n<p class=\"has-text-align-center has-medium-font-size\"><strong>PLANNING 2025\/2026 <\/strong>:<\/p>\n\n\n\n<figure class=\"wp-block-image size-large\"><img decoding=\"async\" width=\"1024\" height=\"791\" src=\"https:\/\/dansella.com\/wp-content\/uploads\/2025\/09\/planning_dansella_2025_2026_page_1-1024x791.jpg\" alt=\"\" class=\"wp-image-692\" srcset=\"https:\/\/dansella.com\/wp-content\/uploads\/2025\/09\/planning_dansella_2025_2026_page_1-1024x791.jpg 1024w, https:\/\/dansella.com\/wp-content\/uploads\/2025\/09\/planning_dansella_2025_2026_page_1-300x232.jpg 300w, https:\/\/dansella.com\/wp-content\/uploads\/2025\/09\/planning_dansella_2025_2026_page_1-768x593.jpg 768w, https:\/\/dansella.com\/wp-content\/uploads\/2025\/09\/planning_dansella_2025_2026_page_1-1536x1187.jpg 1536w, https:\/\/dansella.com\/wp-content\/uploads\/2025\/09\/planning_dansella_2025_2026_page_1-2048x1583.jpg 2048w, https:\/\/dansella.com\/wp-content\/uploads\/2025\/09\/planning_dansella_2025_2026_page_1-350x270.jpg 350w\" sizes=\"(max-width: 706px) 89vw, (max-width: 767px) 82vw, 740px\" \/><\/figure>\n\n\n\n<p class=\"has-text-align-center has-white-color has-vivid-green-cyan-background-color has-text-color has-background has-link-color wp-elements-ae44b29dedf57a682570b5d292afe9f2\">NOUVEAUX COURS DE DANCEHALL !<\/p>\n\n\n\n<figure class=\"wp-block-image size-large\"><img decoding=\"async\" width=\"724\" height=\"1024\" src=\"https:\/\/dansella.com\/wp-content\/uploads\/2025\/09\/Flyer-Annonce-Evenement-Gala-de-danse-Musique-Photo-Ligne-Moderne-Beige-Blanc-724x1024.jpg\" alt=\"\" class=\"wp-image-680\" srcset=\"https:\/\/dansella.com\/wp-content\/uploads\/2025\/09\/Flyer-Annonce-Evenement-Gala-de-danse-Musique-Photo-Ligne-Moderne-Beige-Blanc-724x1024.jpg 724w, https:\/\/dansella.com\/wp-content\/uploads\/2025\/09\/Flyer-Annonce-Evenement-Gala-de-danse-Musique-Photo-Ligne-Moderne-Beige-Blanc-212x300.jpg 212w, https:\/\/dansella.com\/wp-content\/uploads\/2025\/09\/Flyer-Annonce-Evenement-Gala-de-danse-Musique-Photo-Ligne-Moderne-Beige-Blanc-768x1086.jpg 768w, https:\/\/dansella.com\/wp-content\/uploads\/2025\/09\/Flyer-Annonce-Evenement-Gala-de-danse-Musique-Photo-Ligne-Moderne-Beige-Blanc-1086x1536.jpg 1086w, https:\/\/dansella.com\/wp-content\/uploads\/2025\/09\/Flyer-Annonce-Evenement-Gala-de-danse-Musique-Photo-Ligne-Moderne-Beige-Blanc-350x495.jpg 350w, https:\/\/dansella.com\/wp-content\/uploads\/2025\/09\/Flyer-Annonce-Evenement-Gala-de-danse-Musique-Photo-Ligne-Moderne-Beige-Blanc.jpg 1414w\" sizes=\"(max-width: 724px) 100vw, 724px\" \/><\/figure>\n\n\n\n<p class=\"has-text-align-center\"><strong>Spectacle de fin d&#8217;ann\u00e9e 7 et 8 juin <\/strong>2025<\/p>\n\n\n<div class=\"wp-block-image\">\n<figure class=\"aligncenter size-large is-resized\"><img loading=\"lazy\" decoding=\"async\" width=\"724\" height=\"1024\" src=\"https:\/\/dansella.com\/wp-content\/uploads\/2025\/06\/Il-etait-une-fois-724x1024.png\" alt=\"\" class=\"wp-image-665\" style=\"width:472px;height:auto\" srcset=\"https:\/\/dansella.com\/wp-content\/uploads\/2025\/06\/Il-etait-une-fois-724x1024.png 724w, https:\/\/dansella.com\/wp-content\/uploads\/2025\/06\/Il-etait-une-fois-212x300.png 212w, https:\/\/dansella.com\/wp-content\/uploads\/2025\/06\/Il-etait-une-fois-768x1086.png 768w, https:\/\/dansella.com\/wp-content\/uploads\/2025\/06\/Il-etait-une-fois-1086x1536.png 1086w, https:\/\/dansella.com\/wp-content\/uploads\/2025\/06\/Il-etait-une-fois-350x495.png 350w, https:\/\/dansella.com\/wp-content\/uploads\/2025\/06\/Il-etait-une-fois.png 1414w\" sizes=\"(max-width: 724px) 100vw, 724px\" \/><\/figure><\/div>\n\n\n<p><\/p>\n\n\n\n<p>Le DVD et la cl\u00e9 USB du spectacle sont d\u00e9sormais disponibles en pr\u00e9 vente !<\/p>\n\n\n\n<p><img decoding=\"async\" alt=\"\ud83d\udc49\" src=\"https:\/\/fonts.gstatic.com\/s\/e\/notoemoji\/16.0\/1f449\/72.png\">&nbsp;Commandez-les d\u00e8s maintenant via ce lien :&nbsp;<a href=\"https:\/\/www.helloasso.com\/associations\/dansella\/boutiques\/dvd-cle-usb\" target=\"_blank\" rel=\"noreferrer noopener\">https:\/\/www.helloasso.com\/associations\/dansella\/boutiques\/dvd-cle-usb<\/a><\/p>\n\n\n\n<div class=\"wp-block-group is-layout-constrained wp-block-group-is-layout-constrained\"><div class=\"wp-block-group__inner-container\"><\/div><\/div>\n\n\n\n<p>T\u00e9l\u00e9chargeable ici: <\/p>\n\n\n\n<div class=\"wp-block-file\"><a id=\"wp-block-file--media-cb6011cb-068f-4f89-9637-9baedc0e3467\" href=\"https:\/\/dansella.com\/wp-content\/uploads\/2025\/09\/page_1-1.jpg\">planning 2025\/2026<br><\/a><a href=\"https:\/\/dansella.com\/wp-content\/uploads\/2025\/09\/page_1-1.jpg\" class=\"wp-block-file__button wp-element-button\" download aria-describedby=\"wp-block-file--media-cb6011cb-068f-4f89-9637-9baedc0e3467\">T\u00e9l\u00e9charger<\/a><\/div>\n\n\n\n<h5 class=\"wp-block-heading has-text-align-center\"><\/h5>\n\n\n\n<h2 class=\"wp-block-heading has-text-align-center has-white-background-color has-background\">Fiche d&#8217;inscription 2025-2026 (\u00e0 t\u00e9l\u00e9charger): <\/h2>\n\n\n\n<div data-wp-interactive=\"\" class=\"wp-block-file\"><object data-wp-bind--hidden=\"!selectors.core.file.hasPdfPreview\" hidden class=\"wp-block-file__embed\" data=\"http:\/\/dansella.com\/wp-content\/uploads\/2025\/06\/INSCRIPTION-DANSELLA-SAISON-20252026.pdf\" type=\"application\/pdf\" style=\"width:100%;height:200px\" aria-label=\"Contenu embarqu\u00e9 INSCRIPTION DANSELLA SAISON 20252026.\"><\/object><a id=\"wp-block-file--media-f7c7c75d-2a73-4e2e-be0c-807b93a7641e\" href=\"http:\/\/dansella.com\/wp-content\/uploads\/2025\/06\/INSCRIPTION-DANSELLA-SAISON-20252026.pdf\">INSCRIPTION DANSELLA SAISON 20252026<\/a><a href=\"http:\/\/dansella.com\/wp-content\/uploads\/2025\/06\/INSCRIPTION-DANSELLA-SAISON-20252026.pdf\" class=\"wp-block-file__button wp-element-button\" download aria-describedby=\"wp-block-file--media-f7c7c75d-2a73-4e2e-be0c-807b93a7641e\">T\u00e9l\u00e9charger<\/a><\/div>\n\n\n\n<p class=\"has-text-align-center\"> &nbsp;<\/p>\n\n\n\n<h2 class=\"wp-block-heading\">Stages <\/h2>\n\n\n\n<p><\/p>\n\n\n\n<figure class=\"wp-block-image is-resized\"><img loading=\"lazy\" decoding=\"async\" width=\"1024\" height=\"860\" src=\"http:\/\/dansella.com\/wp-content\/uploads\/2022\/03\/dans-Parent-enfents-dansella-mars-2022-1024x860.jpeg\" alt=\"\" class=\"wp-image-276\" style=\"width:560px;height:469px\" srcset=\"https:\/\/dansella.com\/wp-content\/uploads\/2022\/03\/dans-Parent-enfents-dansella-mars-2022-1024x860.jpeg 1024w, https:\/\/dansella.com\/wp-content\/uploads\/2022\/03\/dans-Parent-enfents-dansella-mars-2022-300x252.jpeg 300w, https:\/\/dansella.com\/wp-content\/uploads\/2022\/03\/dans-Parent-enfents-dansella-mars-2022-768x645.jpeg 768w, https:\/\/dansella.com\/wp-content\/uploads\/2022\/03\/dans-Parent-enfents-dansella-mars-2022.jpeg 1208w\" sizes=\"(max-width: 706px) 89vw, (max-width: 767px) 82vw, 740px\" \/><\/figure>\n\n\n<div class=\"wp-block-image\">\n<figure class=\"aligncenter is-resized\"><img loading=\"lazy\" decoding=\"async\" width=\"480\" height=\"672\" src=\"http:\/\/dansella.com\/wp-content\/uploads\/2020\/06\/Flyers-dansella-2020-2021.png\" alt=\"\" class=\"wp-image-233\" style=\"width:233px;height:327px\" srcset=\"https:\/\/dansella.com\/wp-content\/uploads\/2020\/06\/Flyers-dansella-2020-2021.png 480w, https:\/\/dansella.com\/wp-content\/uploads\/2020\/06\/Flyers-dansella-2020-2021-214x300.png 214w\" sizes=\"(max-width: 480px) 100vw, 480px\" \/><\/figure><\/div>\n\n\n<h2 class=\"wp-block-heading has-text-align-center\"><\/h2>\n\n\n\n<h2 class=\"wp-block-heading\"><strong>IDEE CADEAU<\/strong><\/h2>\n\n\n\n<p>Nous proposons des cartes cadeaux \u00e0 offrir sur les diff\u00e9rents stages qui sont propos\u00e9s durant l&#8217;ann\u00e9e !&nbsp;<br><\/p>\n\n\n\n<h2 class=\"wp-block-heading\"><strong>STAGE DANSE EN FAMILLE <\/strong><\/h2>\n\n\n\n<p>Venez vivre un moment de partage autour de la danse avec votre enfant ! <\/p>\n\n\n\n<p class=\"has-text-align-center has-vivid-green-cyan-background-color has-text-color has-background\" style=\"color:#ffffff\">Stage danse Parents \/ Enfants 4-7 ans<br>Accessible \u00e0 tous ! Danseurs et non danseurs !<br>Venez vivre un moment de partage avec votre enfant&nbsp;<\/p>\n\n\n\n<p><\/p>\n\n\n\n<p><\/p>\n\n\n\n<p><\/p>\n\n\n\n<p><a aria-label=\"cliquer ici pour voir le planning (s\u2019ouvre dans un nouvel onglet)\" rel=\"noreferrer noopener\" href=\"http:\/\/dansella.com\/index.php\/bio\/\" target=\"_blank\"><em>cliquer ici pour voir le planning<\/em><\/a><\/p>\n\n\n\n<figure class=\"wp-block-image\"><img loading=\"lazy\" decoding=\"async\" width=\"1024\" height=\"682\" src=\"http:\/\/dansella.com\/wp-content\/uploads\/2019\/08\/3ffa4659-c083-4bb2-adfd-302a1f5d5550-1024x682.jpg\" alt=\"\" class=\"wp-image-147\" srcset=\"https:\/\/dansella.com\/wp-content\/uploads\/2019\/08\/3ffa4659-c083-4bb2-adfd-302a1f5d5550-1024x682.jpg 1024w, https:\/\/dansella.com\/wp-content\/uploads\/2019\/08\/3ffa4659-c083-4bb2-adfd-302a1f5d5550-300x200.jpg 300w, https:\/\/dansella.com\/wp-content\/uploads\/2019\/08\/3ffa4659-c083-4bb2-adfd-302a1f5d5550-768x512.jpg 768w, https:\/\/dansella.com\/wp-content\/uploads\/2019\/08\/3ffa4659-c083-4bb2-adfd-302a1f5d5550.jpg 1600w\" sizes=\"(max-width: 706px) 89vw, (max-width: 767px) 82vw, 740px\" \/><\/figure>\n\n\n\n<p><strong><br><\/strong><\/p>\n\n\n\n<h2 class=\"wp-block-heading\"><\/h2>\n\n\n\n<h2 class=\"wp-block-heading\"><\/h2>\n","protected":false},"excerpt":{"rendered":"<p>REPRISE DES COURS: LA SEMAINE DU 15 SEPTEMBRE 2025 SEMAINE D&#8217;ESSAIS: DU 15 au 19 Septembre 2025 Venez aux cours de votre choix gratuitement pendant une semaine! PLANNING 2025\/2026 : NOUVEAUX COURS DE DANCEHALL ! Spectacle de fin d&#8217;ann\u00e9e 7 et 8 juin 2025 Le DVD et la cl\u00e9 USB du spectacle sont d\u00e9sormais disponibles &hellip; <\/p>\n<p class=\"link-more\"><a href=\"https:\/\/dansella.com\/\" class=\"more-link\">Continuer la lecture<span class=\"screen-reader-text\"> de &laquo;&nbsp;ACTU&nbsp;&raquo;<\/span><\/a><\/p>\n","protected":false},"author":1,"featured_media":0,"parent":0,"menu_order":0,"comment_status":"closed","ping_status":"closed","template":"","meta":{"footnotes":""},"aioseo_notices":[],"jetpack_sharing_enabled":true,"_links":{"self":[{"href":"https:\/\/dansella.com\/index.php\/wp-json\/wp\/v2\/pages\/121"}],"collection":[{"href":"https:\/\/dansella.com\/index.php\/wp-json\/wp\/v2\/pages"}],"about":[{"href":"https:\/\/dansella.com\/index.php\/wp-json\/wp\/v2\/types\/page"}],"author":[{"embeddable":true,"href":"https:\/\/dansella.com\/index.php\/wp-json\/wp\/v2\/users\/1"}],"replies":[{"embeddable":true,"href":"https:\/\/dansella.com\/index.php\/wp-json\/wp\/v2\/comments?post=121"}],"version-history":[{"count":101,"href":"https:\/\/dansella.com\/index.php\/wp-json\/wp\/v2\/pages\/121\/revisions"}],"predecessor-version":[{"id":696,"href":"https:\/\/dansella.com\/index.php\/wp-json\/wp\/v2\/pages\/121\/revisions\/696"}],"wp:attachment":[{"href":"https:\/\/dansella.com\/index.php\/wp-json\/wp\/v2\/media?parent=121"}],"curies":[{"name":"wp","href":"https:\/\/api.w.org\/{rel}","templated":true}]}}